{"id":107,"date":"2025-05-02T09:38:16","date_gmt":"2025-05-02T09:38:16","guid":{"rendered":"https:\/\/healthy.elitepage.hu\/?page_id=107"},"modified":"2025-11-25T14:41:16","modified_gmt":"2025-11-25T14:41:16","slug":"idopontfoglalas","status":"publish","type":"page","link":"https:\/\/healthy.elitepage.hu\/en\/idopontfoglalas\/","title":{"rendered":"News"},"content":{"rendered":"<div data-elementor-type=\"wp-page\" data-elementor-id=\"107\" class=\"elementor elementor-107\" data-elementor-post-type=\"page\">\n\t\t\t\t<div class=\"elementor-element elementor-element-5fb159a e-flex e-con-boxed e-con e-parent\" data-id=\"5fb159a\" data-element_type=\"container\" data-settings=\"{&quot;background_background&quot;:&quot;classic&quot;}\">\n\t\t\t\t\t<div class=\"e-con-inner\">\n\t\t\t\t<div class=\"elementor-element elementor-element-5e8f5a4 elementor-invisible elementor-widget elementor-widget-heading\" data-id=\"5e8f5a4\" data-element_type=\"widget\" data-settings=\"{&quot;_animation&quot;:&quot;zoomIn&quot;}\" data-widget_type=\"heading.default\">\n\t\t\t\t<div class=\"elementor-widget-container\">\n\t\t\t\t\t<h2 class=\"elementor-heading-title elementor-size-default\">H\u00edrek \u00e9s inform\u00e1ci\u00f3k<\/h2>\t\t\t\t<\/div>\n\t\t\t\t<\/div>\n\t\t\t\t<div class=\"elementor-element elementor-element-242cba6 elementor-widget-divider--view-line elementor-invisible elementor-widget elementor-widget-divider\" data-id=\"242cba6\" data-element_type=\"widget\" data-settings=\"{&quot;_animation&quot;:&quot;zoomIn&quot;}\" data-widget_type=\"divider.default\">\n\t\t\t\t<div class=\"elementor-widget-container\">\n\t\t\t\t\t\t\t<div class=\"elementor-divider\">\n\t\t\t<span class=\"elementor-divider-separator\">\n\t\t\t\t\t\t<\/span>\n\t\t<\/div>\n\t\t\t\t\t\t<\/div>\n\t\t\t\t<\/div>\n\t\t\t\t<div class=\"elementor-element elementor-element-c8a5817 elementor-grid-3 elementor-grid-tablet-2 elementor-grid-mobile-1 elementor-posts--thumbnail-top elementor-widget elementor-widget-posts\" data-id=\"c8a5817\" data-element_type=\"widget\" data-settings=\"{&quot;classic_columns&quot;:&quot;3&quot;,&quot;classic_columns_tablet&quot;:&quot;2&quot;,&quot;classic_columns_mobile&quot;:&quot;1&quot;,&quot;classic_row_gap&quot;:{&quot;unit&quot;:&quot;px&quot;,&quot;size&quot;:35,&quot;sizes&quot;:[]},&quot;classic_row_gap_tablet&quot;:{&quot;unit&quot;:&quot;px&quot;,&quot;size&quot;:&quot;&quot;,&quot;sizes&quot;:[]},&quot;classic_row_gap_mobile&quot;:{&quot;unit&quot;:&quot;px&quot;,&quot;size&quot;:&quot;&quot;,&quot;sizes&quot;:[]}}\" data-widget_type=\"posts.classic\">\n\t\t\t\t<div class=\"elementor-widget-container\">\n\t\t\t\t\t\t\t<div class=\"elementor-posts-container elementor-posts elementor-posts--skin-classic elementor-grid\" role=\"list\">\n\t\t\t\t<article class=\"elementor-post elementor-grid-item post-234 post type-post status-publish format-standard has-post-thumbnail hentry category-uncategorized\" role=\"listitem\">\n\t\t\t\t<a class=\"elementor-post__thumbnail__link\" href=\"https:\/\/healthy.elitepage.hu\/en\/2025\/05\/02\/kedves-vendegeink-leendo-vendegeink\/\" tabindex=\"-1\" >\n\t\t\t<div class=\"elementor-post__thumbnail\"><img fetchpriority=\"high\" decoding=\"async\" width=\"300\" height=\"168\" src=\"https:\/\/healthy.elitepage.hu\/wp-content\/uploads\/2025\/05\/DJI_0833_3-300x168.jpg\" class=\"attachment-medium size-medium wp-image-877\" alt=\"\" srcset=\"https:\/\/healthy.elitepage.hu\/wp-content\/uploads\/2025\/05\/DJI_0833_3-300x168.jpg 300w, https:\/\/healthy.elitepage.hu\/wp-content\/uploads\/2025\/05\/DJI_0833_3.jpg 768w\" sizes=\"(max-width: 300px) 100vw, 300px\" \/><\/div>\n\t\t<\/a>\n\t\t\t\t<div class=\"elementor-post__text\">\n\t\t\t\t<h3 class=\"elementor-post__title\">\n\t\t\t<a href=\"https:\/\/healthy.elitepage.hu\/en\/2025\/05\/02\/kedves-vendegeink-leendo-vendegeink\/\" >\n\t\t\t\tMegny\u00edlt az Ellipsum \u00e9lm\u00e9nyf\u0171rd\u0151 Miskolctapolc\u00e1n\t\t\t<\/a>\n\t\t<\/h3>\n\t\t\t\t<div class=\"elementor-post__meta-data\">\n\t\t\t\t\t<span class=\"elementor-post-date\">\n\t\t\tMay 2, 2025\t\t<\/span>\n\t\t\t\t<\/div>\n\t\t\t\t<div class=\"elementor-post__excerpt\">\n\t\t\t<p>Miskolc \u00e9s a S\u00e1rk\u00e1ny Apartman \u00e9s Vend\u00e9gh\u00e1z is felk\u00e9sz\u00fclt a turist\u00e1k fogad\u00e1s\u00e1ra.Az \u00faj Ellipsum \u00e9lm\u00e9nyf\u00fcrd\u0151 5 perc s\u00e9t\u00e1ra helyezkedik el aS\u00e1rk\u00e1ny Apartman \u00e9s Vend\u00e9gh\u00e1z sz\u00e1ll\u00e1s\u00e1s\u00e1t\u00f3l.<\/p>\n\t\t<\/div>\n\t\t\n\t\t<a class=\"elementor-post__read-more\" href=\"https:\/\/healthy.elitepage.hu\/en\/2025\/05\/02\/kedves-vendegeink-leendo-vendegeink\/\" aria-label=\"Read more about Megny\u00edlt az Ellipsum \u00e9lm\u00e9nyf\u0171rd\u0151 Miskolctapolc\u00e1n\" tabindex=\"-1\" >\n\t\t\tTov\u00e1bb olvasom \u00bb\t\t<\/a>\n\n\t\t\t\t<\/div>\n\t\t\t\t<\/article>\n\t\t\t\t<article class=\"elementor-post elementor-grid-item post-229 post type-post status-publish format-standard has-post-thumbnail hentry category-uncategorized\" role=\"listitem\">\n\t\t\t\t<a class=\"elementor-post__thumbnail__link\" href=\"https:\/\/healthy.elitepage.hu\/en\/2025\/05\/02\/%f0%9f%90%b0%f0%9f%90%b0lemaradtal-a-husvet-elotti-idopontokrol\/\" tabindex=\"-1\" >\n\t\t\t<div class=\"elementor-post__thumbnail\"><img decoding=\"async\" width=\"300\" height=\"200\" src=\"https:\/\/healthy.elitepage.hu\/wp-content\/uploads\/2025\/05\/elmenyfurdo_epitkezes_miskolctapolca_200423_ja_8-300x200.jpg\" class=\"attachment-medium size-medium wp-image-879\" alt=\"\" srcset=\"https:\/\/healthy.elitepage.hu\/wp-content\/uploads\/2025\/05\/elmenyfurdo_epitkezes_miskolctapolca_200423_ja_8-300x200.jpg 300w, https:\/\/healthy.elitepage.hu\/wp-content\/uploads\/2025\/05\/elmenyfurdo_epitkezes_miskolctapolca_200423_ja_8.jpg 738w\" sizes=\"(max-width: 300px) 100vw, 300px\" \/><\/div>\n\t\t<\/a>\n\t\t\t\t<div class=\"elementor-post__text\">\n\t\t\t\t<h3 class=\"elementor-post__title\">\n\t\t\t<a href=\"https:\/\/healthy.elitepage.hu\/en\/2025\/05\/02\/%f0%9f%90%b0%f0%9f%90%b0lemaradtal-a-husvet-elotti-idopontokrol\/\" >\n\t\t\t\tA miskolctapolcai f\u00fcrd\u0151\t\t\t<\/a>\n\t\t<\/h3>\n\t\t\t\t<div class=\"elementor-post__meta-data\">\n\t\t\t\t\t<span class=\"elementor-post-date\">\n\t\t\tMay 2, 2025\t\t<\/span>\n\t\t\t\t<\/div>\n\t\t\t\t<div class=\"elementor-post__excerpt\">\n\t\t\t<p>Miskolctapolca: p\u00e1rhuzamosan dolgoznak kint \u00e9s bent Az \u00f6nkorm\u00e1nyzat szerint a miskolctapolcai f\u00fcrd\u0151 \u00fajj\u00e1\u00e9p\u00edt\u00e9s\u00e9vel \u00fcd\u00fcl\u0151- \u00e9s f\u00fcrd\u0151helyi tekint\u00e9ly\u00e9t szerzi vissza. Tov\u00e1bbra is \u00fctemterv szerint halad a<\/p>\n\t\t<\/div>\n\t\t\n\t\t<a class=\"elementor-post__read-more\" href=\"https:\/\/healthy.elitepage.hu\/en\/2025\/05\/02\/%f0%9f%90%b0%f0%9f%90%b0lemaradtal-a-husvet-elotti-idopontokrol\/\" aria-label=\"Read more about A miskolctapolcai f\u00fcrd\u0151\" tabindex=\"-1\" >\n\t\t\tTov\u00e1bb olvasom \u00bb\t\t<\/a>\n\n\t\t\t\t<\/div>\n\t\t\t\t<\/article>\n\t\t\t\t<article class=\"elementor-post elementor-grid-item post-221 post type-post status-publish format-standard has-post-thumbnail hentry category-uncategorized\" role=\"listitem\">\n\t\t\t\t<a class=\"elementor-post__thumbnail__link\" href=\"https:\/\/healthy.elitepage.hu\/en\/2025\/05\/02\/azonnali-kezdessel-mukormos-koromkozmetikust-keresunk-meglevo-vendegkor-atvetelehez\/\" tabindex=\"-1\" >\n\t\t\t<div class=\"elementor-post__thumbnail\"><img decoding=\"async\" width=\"300\" height=\"185\" src=\"https:\/\/healthy.elitepage.hu\/wp-content\/uploads\/2025\/10\/barlang_up-300x185.png\" class=\"attachment-medium size-medium wp-image-687\" alt=\"\" srcset=\"https:\/\/healthy.elitepage.hu\/wp-content\/uploads\/2025\/10\/barlang_up-300x185.png 300w, https:\/\/healthy.elitepage.hu\/wp-content\/uploads\/2025\/10\/barlang_up-768x473.png 768w, https:\/\/healthy.elitepage.hu\/wp-content\/uploads\/2025\/10\/barlang_up.png 930w\" sizes=\"(max-width: 300px) 100vw, 300px\" \/><\/div>\n\t\t<\/a>\n\t\t\t\t<div class=\"elementor-post__text\">\n\t\t\t\t<h3 class=\"elementor-post__title\">\n\t\t\t<a href=\"https:\/\/healthy.elitepage.hu\/en\/2025\/05\/02\/azonnali-kezdessel-mukormos-koromkozmetikust-keresunk-meglevo-vendegkor-atvetelehez\/\" >\n\t\t\t\tBarlangf\u00fcrd\u0151 z\u00e1rva jelenleg\t\t\t<\/a>\n\t\t<\/h3>\n\t\t\t\t<div class=\"elementor-post__meta-data\">\n\t\t\t\t\t<span class=\"elementor-post-date\">\n\t\t\tMay 2, 2025\t\t<\/span>\n\t\t\t\t<\/div>\n\t\t\t\t<div class=\"elementor-post__excerpt\">\n\t\t\t<p>Tisztelt Vend\u00e9geink! A Miskolctapolcai Barlangf\u00fcrd\u0151 tet\u0151szerkezete le\u00e9gett, ez\u00e9rt jelenleg az Ellipsum \u00e9lm\u00e9nyf\u00fcrd\u0151t tudj\u00e1k haszn\u00e1lni Miskolctapolc\u00e1n. A f\u00fcrd\u0151ben cs\u00faszd\u00e1k is vannak, ami a gyerekek k\u00f6r\u00e9ben n\u00e9pszer\u0171bb<\/p>\n\t\t<\/div>\n\t\t\n\t\t<a class=\"elementor-post__read-more\" href=\"https:\/\/healthy.elitepage.hu\/en\/2025\/05\/02\/azonnali-kezdessel-mukormos-koromkozmetikust-keresunk-meglevo-vendegkor-atvetelehez\/\" aria-label=\"Read more about Barlangf\u00fcrd\u0151 z\u00e1rva jelenleg\" tabindex=\"-1\" >\n\t\t\tTov\u00e1bb olvasom \u00bb\t\t<\/a>\n\n\t\t\t\t<\/div>\n\t\t\t\t<\/article>\n\t\t\t\t<\/div>\n\t\t\n\t\t\t\t\t\t<\/div>\n\t\t\t\t<\/div>\n\t\t\t\t\t<\/div>\n\t\t\t\t<\/div>\n\t\t\t\t<\/div>","protected":false},"excerpt":{"rendered":"<p>H\u00edrek \u00e9s inform\u00e1ci\u00f3k<\/p>","protected":false},"author":1,"featured_media":0,"parent":0,"menu_order":0,"comment_status":"closed","ping_status":"closed","template":"elementor_header_footer","meta":{"footnotes":""},"class_list":["post-107","page","type-page","status-publish","hentry"],"_links":{"self":[{"href":"https:\/\/healthy.elitepage.hu\/en\/wp-json\/wp\/v2\/pages\/107","targetHints":{"allow":["GET"]}}],"collection":[{"href":"https:\/\/healthy.elitepage.hu\/en\/wp-json\/wp\/v2\/pages"}],"about":[{"href":"https:\/\/healthy.elitepage.hu\/en\/wp-json\/wp\/v2\/types\/page"}],"author":[{"embeddable":true,"href":"https:\/\/healthy.elitepage.hu\/en\/wp-json\/wp\/v2\/users\/1"}],"replies":[{"embeddable":true,"href":"https:\/\/healthy.elitepage.hu\/en\/wp-json\/wp\/v2\/comments?post=107"}],"version-history":[{"count":65,"href":"https:\/\/healthy.elitepage.hu\/en\/wp-json\/wp\/v2\/pages\/107\/revisions"}],"predecessor-version":[{"id":1079,"href":"https:\/\/healthy.elitepage.hu\/en\/wp-json\/wp\/v2\/pages\/107\/revisions\/1079"}],"wp:attachment":[{"href":"https:\/\/healthy.elitepage.hu\/en\/wp-json\/wp\/v2\/media?parent=107"}],"curies":[{"name":"wp","href":"https:\/\/api.w.org\/{rel}","templated":true}]}}