{"id":852,"date":"2025-11-17T09:15:10","date_gmt":"2025-11-17T09:15:10","guid":{"rendered":"https:\/\/healthy.elitepage.hu\/?page_id=852"},"modified":"2025-11-25T14:52:08","modified_gmt":"2025-11-25T14:52:08","slug":"idopontfoglalas-2","status":"publish","type":"page","link":"https:\/\/healthy.elitepage.hu\/en\/idopontfoglalas-2\/","title":{"rendered":"Appointment Booking"},"content":{"rendered":"<div data-elementor-type=\"wp-page\" data-elementor-id=\"852\" class=\"elementor elementor-852\" data-elementor-post-type=\"page\">\n\t\t\t\t<div class=\"elementor-element elementor-element-5fb159a e-flex e-con-boxed e-con e-parent\" data-id=\"5fb159a\" data-element_type=\"container\" data-settings=\"{&quot;background_background&quot;:&quot;classic&quot;}\">\n\t\t\t\t\t<div class=\"e-con-inner\">\n\t\t\t\t<div class=\"elementor-element elementor-element-5e8f5a4 elementor-invisible elementor-widget elementor-widget-heading\" data-id=\"5e8f5a4\" data-element_type=\"widget\" data-settings=\"{&quot;_animation&quot;:&quot;zoomIn&quot;}\" data-widget_type=\"heading.default\">\n\t\t\t\t<div class=\"elementor-widget-container\">\n\t\t\t\t\t<h2 class=\"elementor-heading-title elementor-size-default\">H\u00edrek \u00e9s inform\u00e1ci\u00f3k<\/h2>\t\t\t\t<\/div>\n\t\t\t\t<\/div>\n\t\t\t\t<div class=\"elementor-element elementor-element-242cba6 elementor-widget-divider--view-line elementor-invisible elementor-widget elementor-widget-divider\" data-id=\"242cba6\" data-element_type=\"widget\" data-settings=\"{&quot;_animation&quot;:&quot;zoomIn&quot;}\" data-widget_type=\"divider.default\">\n\t\t\t\t<div class=\"elementor-widget-container\">\n\t\t\t\t\t\t\t<div class=\"elementor-divider\">\n\t\t\t<span class=\"elementor-divider-separator\">\n\t\t\t\t\t\t<\/span>\n\t\t<\/div>\n\t\t\t\t\t\t<\/div>\n\t\t\t\t<\/div>\n\t\t<div class=\"elementor-element elementor-element-005e601 e-con-full e-flex e-con e-child\" data-id=\"005e601\" data-element_type=\"container\">\n\t\t<div class=\"elementor-element elementor-element-97c76cb e-con-full e-flex e-con e-child\" data-id=\"97c76cb\" data-element_type=\"container\">\n\t\t\t\t<div class=\"elementor-element elementor-element-daef550 elementor-widget elementor-widget-text-editor\" data-id=\"daef550\" data-element_type=\"widget\" data-widget_type=\"text-editor.default\">\n\t\t\t\t<div class=\"elementor-widget-container\">\n\t\t\t\t\t\t\t\t\t<p style=\"font-weight: 400;\"><b><strong>S\u00e1rk\u00e1ny Apartman \u00e9s Vend\u00e9gh\u00e1z Miskolctapolca \u00e1rai:<\/strong><\/b><\/p><p style=\"font-weight: 400;\"><span style=\"font-weight: 400;\"><em><b><strong>&#8211;\u00a0\u00a0 4 f\u0151s \u00f6n\u00e1ll\u00f3 apartman saj\u00e1t konyh\u00e1val\u00a0 2 f\u0151 eset\u00e9n 18.000 Ft \/\u00e9j<\/strong><\/b><\/em><\/span><\/p><p style=\"font-weight: 400;\"><span style=\"font-weight: 400;\"><em>&#8211;\u00a0<b><strong>\u00a0\u00a04 f\u0151s \u00f6n\u00e1ll\u00f3 apartman saj\u00e1t konyh\u00e1val\u00a0 3 f\u0151 eset\u00e9n 24.000 Ft \/\u00e9j<\/strong><\/b><\/em><\/span><\/p><p style=\"font-weight: 400;\"><b><strong><em>&#8211;\u00a0\u00a0\u00a04 f\u0151s \u00f6n\u00e1ll\u00f3 apartman saj\u00e1t konyh\u00e1val 4 f\u0151 eset\u00e9n 28.000 Ft \/\u00e9j<\/em><\/strong><\/b><\/p><p style=\"font-weight: 400;\"><span style=\"font-weight: 400;\"><b><strong><em>&#8211;\u00a0\u00a0\u00a05 f\u0151s \u00f6n\u00e1ll\u00f3 apartman saj\u00e1t konyh\u00e1val 5 f\u0151 eset\u00e9n\u00a0 35.000 Ft \/\u00e9j<\/em><\/strong><\/b><\/span><\/p><p style=\"font-weight: 400;\"><b><strong>Idegenforgalmi ad\u00f3 (18 \u00e9v felett):\u00a0<\/strong><\/b><em>450 Ft \/ F\u0151 \/ \u00c9j<\/em><\/p><p style=\"font-weight: 400;\"><b><strong>S\u00e1rk\u00e1ny Apartman \u00e9s Vend\u00e9gh\u00e1z Miskolctapolca \u00e1rai f\u0151szezonban \u00e9s kiemelt \u00fcnnepeken:<\/strong><\/b><br \/><em>h\u00fasv\u00e9t, p\u00fcnk\u00f6sd, szilveszter \u00e9s\u00a0 j\u00falius -augusztus \u00a0 \u00a0 \u00a0 \u00a0<\/em><\/p><p style=\"font-weight: 400;\"><span style=\"font-weight: 400;\"><em><b><strong>&#8211;\u00a0\u00a0 4 f\u0151s \u00f6n\u00e1ll\u00f3 apartman saj\u00e1t konyh\u00e1val\u00a0 2 f\u0151 eset\u00e9n 20.000 Ft \/\u00e9j<\/strong><\/b><\/em><\/span><\/p><p style=\"font-weight: 400;\"><span style=\"font-weight: 400;\"><em>&#8211;\u00a0<b><strong>\u00a0\u00a04 f\u0151s \u00f6n\u00e1ll\u00f3 apartman saj\u00e1t konyh\u00e1val\u00a0 3 f\u0151 eset\u00e9n 25.000 Ft \/\u00e9j<\/strong><\/b><\/em><\/span><\/p><p style=\"font-weight: 400;\"><b><strong><em>&#8211;\u00a0\u00a0\u00a04 f\u0151s \u00f6n\u00e1ll\u00f3 apartman saj\u00e1t konyh\u00e1val 4 f\u0151 eset\u00e9n 34.000 Ft \/\u00e9j<\/em><\/strong><\/b><\/p><p style=\"font-weight: 400;\"><span style=\"font-weight: 400;\"><b><strong><em>&#8211;\u00a0\u00a0\u00a05 f\u0151s \u00f6n\u00e1ll\u00f3 apartman saj\u00e1t konyh\u00e1val 5 f\u0151 eset\u00e9n\u00a0 36.000 Ft \/\u00e9j<\/em><\/strong><\/b><\/span><\/p><p style=\"font-weight: 400;\"><b><strong>Idegenforgalmi ad\u00f3 (18 \u00e9v felett):\u00a0<\/strong><\/b><em>.<b><strong>450 Ft \/ F\u0151 \/ \u00c9j<\/strong><\/b><\/em><\/p><p style=\"font-weight: 400;\"><b><strong><em>L\u00e9gkondici\u00f3 \u00e1ra : 1500 Ft \/\u00a0nap<\/em><\/strong><\/b><\/p><p style=\"font-weight: 400;\"><b><strong>Fizet\u00e9si lehet\u0151s\u00e9gek:<\/strong><\/b><\/p><ul style=\"font-weight: 400;\"><li>Helysz\u00ednen k\u00e9szp\u00e9nzzel<\/li><li>OTP SZ\u00c9P k\u00e1rty\u00e1val<\/li><li>Azonnali \u00e1tutal\u00e1s<\/li><\/ul>\t\t\t\t\t\t\t\t<\/div>\n\t\t\t\t<\/div>\n\t\t\t\t<\/div>\n\t\t<div class=\"elementor-element elementor-element-feae001 e-con-full e-flex e-con e-child\" data-id=\"feae001\" data-element_type=\"container\">\n\t\t\t\t<div class=\"elementor-element elementor-element-cf0acc3 elementor-widget elementor-widget-shortcode\" data-id=\"cf0acc3\" data-element_type=\"widget\" data-widget_type=\"shortcode.default\">\n\t\t\t\t<div class=\"elementor-widget-container\">\n\t\t\t\t\t\t\t<div class=\"elementor-shortcode\"> <div id=\"form_id1136043969732\"  class=\"wpbc_container wpbc_form wpbc_container_booking_form wpbc_theme_dark_1\" ><form  id=\"booking_form3\"   class=\"booking_form vertical\" method=\"post\" action=\"\" data-trp-original-action=\"\"><div id=\"ajax_respond_insert3\" class=\"ajax_respond_insert\" style=\"display:none;\"><\/div><a name=\"bklnk3\" id=\"bklnk3\"><\/a><div id=\"booking_form_div3\" class=\"booking_form_div\"><style type=\"text\/css\">.wpbc_container_booking_form .block_hints, .wpbc_booking_form_simple.wpbc_form_center .wpbc__form__div .wpbc__row.wpbc_r_calendar, .wpbc_booking_form_simple .wpbc__form__div .wpbc__row:not(.wpbc_r_calendar){max-width:100%;} <\/style>\n<div class=\"wpbc_booking_form_simple\">\n  <div class=\"wpbc_wizard_step wpbc__form__div wpbc_wizard_step1\">\n    <div class=\"wpbc__row\">\n\t\t<div style=\"margin-top:0;\" class=\"wpbc__field\"> \n\t\t\t<div class=\"wpbc_r_calendar wpbc__row\">\n\t\t\t\t<div class=\"wpbc_r_calendar wpbc__field\"> <label><\/label><br><div class=\"wpbc_calendar_wraper wpbc_change_over_triangle\"><div class=\"wpbc_cal_container bk_calendar_frame wpbc_no_custom_width  months_num_in_row_ cal_month_num_1\" style=\"\"><div id=\"calendar_booking3\"  class=\"wpbc_calendar_id_3\" >\t<style id=\"wpbc_calendar_loader_inline_css\">\r\n\t\t\/* Critical loader styles (scoped by class names) *\/\r\n\t\t.calendar_loader_frame {\r\n\t\t\twidth: calc(341px * var(--wpbc-loader-cols, 1));\r\n\t\t\tmax-width: 100%;\r\n\t\t\theight: 307px;\r\n\t\t\tdisplay: flex;\r\n\t\t\tflex-flow: column nowrap;\r\n\t\t\talign-items: center;\r\n\t\t\tjustify-content: center;\r\n\t\t\tborder-radius: 5px;\r\n\t\t\tbox-shadow: 0 0 2px #ccc;\r\n\t\t\tgap: 15px;\r\n\t\t\t\/* Calendar variables (safe fallbacks) *\/\r\n\t\t\tcolor: var(--wpbc_cal-available-text-color, #2c3e50);\r\n\t\t\tbackground: rgb(from var(--wpbc_cal-available-day-color, #e6f2ff) r g b \/ var(--wpbc_cal-day-bg-color-opacity, 1));\r\n\t\t\tborder: var(--wpbc_cal-day-cell-border-width, 1px) solid var(--wpbc_cal-available-day-color, #aacbeb);\r\n\t\t}\r\n\t\t.calendar_loader_text {\r\n\t\t\tfont-size: 18px;\r\n\t\t\ttext-align: center;\r\n\t\t}\r\n\t\t.calendar_loader_frame__progress_line_container {\r\n\t\t\twidth: 50%;\r\n\t\t\theight: 3px;\r\n\t\t\tmargin-top: 7px;\r\n\t\t\toverflow: hidden;\r\n\t\t\tbackground: #202020;\r\n\t\t\tborder-radius: 30px;\r\n\t\t}\r\n\t\t.calendar_loader_frame__progress_line {\r\n\t\t\twidth: 0%;\r\n\t\t\theight: 3px;\r\n\t\t\tbackground: #8ECE01;\r\n\t\t\tborder-radius: 30px;\r\n\t\t\tanimation: calendar_loader_bar_progress 3s infinite linear;\r\n\t\t}\r\n\t\t@keyframes calendar_loader_bar_progress {\r\n\t\t\tto {\r\n\t\t\t\twidth: 100%;\r\n\t\t\t}\r\n\t\t}\r\n\t\t@media (prefers-reduced-motion: reduce) {\r\n\t\t\t.calendar_loader_frame__progress_line {\r\n\t\t\t\tanimation: none;\r\n\t\t\t\twidth: 50%;\r\n\t\t\t}\r\n\t\t}\r\n\t<\/style>\r\n\t\t<div class=\"calendar_loader_frame calendar_loader_frame3\"\r\n\t\tdata-wpbc-rid=\"3\"\r\n\t\tdata-wpbc-grace=\"8000\"\r\n\t\tstyle=\"--wpbc-loader-cols: 1;\"\r\n\t>\r\n\t\t<div class=\"calendar_loader_text\">Loading...<\/div>\r\n\t\t<div class=\"calendar_loader_frame__progress_line_container\">\r\n\t\t\t<div class=\"calendar_loader_frame__progress_line\"><\/div>\r\n\t\t<\/div>\r\n\t<\/div>\r\n\t<\/div><\/div><textarea id=\"date_booking3\" name=\"date_booking3\" autocomplete=\"off\" style=\"display:none;\"><\/textarea><div class=\"block_hints datepick\"><div class=\"wpdev_hint_with_text\"><div class=\"\"><div class=\"datepick-inline wpbc_calendar_legend_table_width_height\"><table class=\"datepick wpbc_calendar\" style=\"\"><tbody><tr><td class=\"datepick-days-cell date_available wpbc_calendar_legend_day_cell_height\"><div class=\"wpbc-cell-box\">\t<div class=\"date-cell-content\">\t\t<div class=\"date-content-top\"><\/div>\t\t<a>03<\/a>\t\t<div class=\"date-content-bottom\"><\/div>\t<\/div><\/div><\/td><\/tr><\/tbody><\/table><\/div><\/div><div class=\"block_text\">- <\/div><div class=\"block_text\">El\u00e9rhet\u0151<\/div><\/div><div class=\"wpdev_hint_with_text\"><div class=\"\"><div class=\"datepick-inline wpbc_calendar_legend_table_width_height\"><table class=\"datepick wpbc_calendar\" style=\"\"><tbody><tr><td class=\"datepick-days-cell datepick-unselectable date_user_unavailable full_day_booking date_approved wpbc_calendar_legend_day_cell_height\"><div class=\"wpbc-cell-box\">\t<div class=\"date-cell-content\">\t\t<div class=\"date-content-top\"><\/div>\t\t<span>03<\/span>\t\t<div class=\"date-content-bottom\"><\/div>\t<\/div><\/div><\/td><\/tr><\/tbody><\/table><\/div><\/div><div class=\"block_text\">- <\/div><div class=\"block_text\">Lefoglalva<\/div><\/div><div class=\"wpdev_hint_with_text\"><div class=\"\"><div class=\"datepick-inline wpbc_calendar_legend_table_width_height\"><table class=\"datepick wpbc_calendar\" style=\"\"><tbody><tr><td class=\"datepick-days-cell datepick-unselectable date_user_unavailable full_day_booking date2approve wpbc_calendar_legend_day_cell_height\"><div class=\"wpbc-cell-box\">\t<div class=\"date-cell-content\">\t\t<div class=\"date-content-top\"><\/div>\t\t<span>03<\/span>\t\t<div class=\"date-content-bottom\"><\/div>\t<\/div><\/div><\/td><\/tr><\/tbody><\/table><\/div><\/div><div class=\"block_text\">- <\/div><div class=\"block_text\">F\u00fcgg\u0151<\/div><\/div><\/div><\/div> <\/div>\n\t\t\t<\/div>\n\t\t<\/div>\n    <\/div>\n    <hr><div style=\"flex-flow: row nowrap;\" class=\"wpbc__row\">\n\t\t\t<div style=\"justify-content: flex-end;\" class=\"wpbc__field\">\n     \t\t<a class=\"wpbc_button_light wpbc_wizard_step_button wpbc_wizard_step_2\" >\n\t\t\t\tK\u00f6vetkez\u0151\n\t\t\t\t<\/a>\n\t\t\t<\/div>\n    <\/div>\n  <\/div>\n  <div class=\"wpbc_wizard_step wpbc__form__div wpbc_wizard_step2 wpbc_wizard_step_hidden\" style=\"display:none;clear:both;\">\n<div class=\"wpbc__form__div\">\n\t\t\t<div class=\"wpbc__row\">\n\t\t\t\t<div class=\"wpbc_r_secondname wpbc__field\"> <label>Vezet\u00e9kn\u00e9v*<\/label><br><span class=\"wpbc_wrap_text wpdev-form-control-wrap secondname3\"><input type=\"text\" name=\"secondname3\" value=\"\" autocomplete=\"secondname\" class=\"wpdev-validates-as-required\" size=\"40\" \/><\/span> <\/div>\n\n\t\t\t\t<div class=\"wpbc_r_name wpbc__field\"> <label>Keresztn\u00e9v*<\/label><br><span class=\"wpbc_wrap_text wpdev-form-control-wrap name3\"><input type=\"text\" name=\"name3\" value=\"\" autocomplete=\"name\" class=\"wpdev-validates-as-required\" size=\"40\" \/><\/span> <\/div>\n\t\t\t<\/div>\n\t\t\t<div class=\"wpbc__row\">\n\t\t\t\t<div class=\"wpbc_r_email wpbc__field\"> <label>Email*<\/label><br><span class=\"wpbc_wrap_text wpdev-form-control-wrap email3\"><input type=\"email\" name=\"email3\" value=\"\" autocomplete=\"email\" class=\"wpdev-validates-as-email wpdev-validates-as-required\" size=\"40\" \/><\/span> <\/div>\n\n\t\t\t\t<div class=\"wpbc_r_phone wpbc__field\"> <label>Telefonsz\u00e1m*<\/label><br><span class=\"wpbc_wrap_text wpdev-form-control-wrap phone3\"><input type=\"text\" name=\"phone3\" value=\"\" autocomplete=\"phone\" class=\"wpdev-validates-as-required\" size=\"40\" \/><\/span> <\/div>\n\t\t\t<\/div>\n\t\t\t<div class=\"wpbc__row\">\n\t\t\t\t<div class=\"wpbc_r_felnottek wpbc__field\"> <label>Feln\u0151ttek sz\u00e1ma*<\/label><br><span class=\"wpbc_wrap_text wpdev-form-control-wrap felnottek3\"><input type=\"text\" name=\"felnottek3\" value=\"\" autocomplete=\"felnottek\" class=\"wpdev-validates-as-required\" size=\"40\" \/><\/span> <\/div>\n\n\t\t\t\t<div class=\"wpbc_r_gyerekekszama wpbc__field\"> <label>Gyerekek sz\u00e1ma*<\/label><br><span class=\"wpbc_wrap_text wpdev-form-control-wrap gyerekekszama3\"><input type=\"text\" name=\"gyerekekszama3\" value=\"\" autocomplete=\"gyerekekszama\" class=\"wpdev-validates-as-required\" size=\"40\" \/><\/span> <\/div>\n\t\t\t<\/div>\n\t\t\t<div class=\"wpbc__row\">\n\t\t\t\t<div class=\"wpbc_r_details wpbc__field\"> <label>Message<\/label><br><span class=\"wpbc_wrap_textarea wpdev-form-control-wrap details3\"><textarea name=\"details3\" autocomplete=\"details\"><\/textarea><\/span> <\/div>\n\t\t\t<\/div>\n<\/div>\n    <hr><div style=\"flex-flow: row nowrap;\" class=\"wpbc__row\">\n\t\t\t<div style=\"justify-content: flex-start;\" class=\"wpbc__field\">\n     \t\t<a class=\"wpbc_button_light wpbc_wizard_step_button wpbc_wizard_step_1\" >\n\t\t\t\tBack\n\t\t\t\t<\/a>\n\t\t\t<\/div>\n      <div style=\"justify-content: flex-end;\" class=\"wpbc__field\">\n<input type=\"button\" value=\"Send\" class=\"wpbc_button_light  btn btn\" onclick=\"mybooking_submit(this.form,3, 'en_US');\" \/>      <\/div>\n    <\/div>\n  <\/div>\n<\/div><input id=\"bk_type3\" name=\"bk_type3\" class=\"\" type=\"hidden\" value=\"3\" \/><\/div><div id=\"submiting3\"><\/div><div class=\"form_bk_messages\" id=\"form_bk_messages3\" ><\/div><input type=\"hidden\" id=\"wpbc_nonceCALCULATE_THE_COST3\" name=\"wpbc_nonceCALCULATE_THE_COST3\" value=\"19aa61e5fc\" \/><input type=\"hidden\" name=\"_wp_http_referer\" value=\"\/en\/wp-json\/wp\/v2\/pages\/852\" \/><input type=\"hidden\" name=\"trp-form-language\" value=\"en\"\/><\/form><\/div><div id=\"booking_form_garbage3\" class=\"booking_form_garbage\"><\/div><script type=\"text\/javascript\"> (function() { var a = setInterval( function() {  if ( ( 'undefined' === typeof _wpbc ) || ( 'undefined' === typeof jQuery ) || ! window.jQuery ) { return; } clearInterval( a ); jQuery( document ).ready( function (){ jQuery(\".widget_wpdev_booking .booking_form.form-horizontal\").removeClass(\"form-horizontal\");\n\t\t\t                        var calendars__on_this_page_list = _wpbc.get_other_param( \"calendars__on_this_page\" ) || [];\n\t\t\t                        var visible_calendars_count = calendars__on_this_page_list.length;\n                                    if (visible_calendars_count !== null ) {\n                                        for (var i=0;i< visible_calendars_count ;i++){\n                                          if ( _wpbc.get_other_param( \"calendars__on_this_page\" )[i] === 3 ) {\n                                          \tconsole.log(\"%c%s\", \"color: #e77; font-weight:bold\", \"Warning! The booking calendar for this resource with the ID = 3 is already on the page. Find more details here: https:\\\/\\\/wpbookingcalendar.com\\\/faq\\\/why-the-booking-calendar-widget-not-show-on-page\\\/\");\n                                          }\n                                        }\n                                        _wpbc.get_other_param( \"calendars__on_this_page\" )[ visible_calendars_count ]=3;\n                                    } } ); }, 500 ); })();<\/script> <script type=\"text\/javascript\"> (function() { var a = setInterval( function() {  if ( ( 'undefined' === typeof _wpbc ) || ( 'undefined' === typeof jQuery ) || ! window.jQuery ) { return; } clearInterval( a ); jQuery( document ).ready( function (){ _wpbc.balancer__set_max_threads( 3 );  _wpbc.calendar__set_param_value( 3 , 'calendar_scroll_to' , false );  _wpbc.calendar__set_param_value( 3 , 'calendar_dates_start' , '' );  _wpbc.calendar__set_param_value( 3 , 'calendar_dates_end' , '' );  _wpbc.calendar__set_param_value( 3 , 'booking_max_monthes_in_calendar' , '2y' );  _wpbc.calendar__set_param_value( 3 , 'booking_start_day_weeek' , '1' );  _wpbc.calendar__set_param_value( 3 , 'calendar_number_of_months' , '1' );   _wpbc.calendar__set_param_value( 3, 'days_select_mode', 'multiple' );   _wpbc.calendar__set_param_value( 3, 'fixed__days_num', 0 );   _wpbc.calendar__set_param_value( 3, 'fixed__week_days__start',   [] );   _wpbc.calendar__set_param_value( 3, 'dynamic__days_min', 0 );   _wpbc.calendar__set_param_value( 3, 'dynamic__days_max', 0 );   _wpbc.calendar__set_param_value( 3, 'dynamic__days_specific',    [] );   _wpbc.calendar__set_param_value( 3, 'dynamic__week_days__start', [] );   _wpbc.calendar__set_param_value( 3, 'booking_date_format', 'Y.m.d' );   _wpbc.calendar__set_param_value( 3, 'booking_time_format', 'H:i' );  _wpbc.calendar__set_param_value( 3 , 'booking_recurrent_time' , 'On' );   if ( 'function' === typeof ( wpbc__conditions__SAVE_INITIAL__days_selection_params__bm ) ){ wpbc__conditions__SAVE_INITIAL__days_selection_params__bm( 3 ); }   wpbc_calendar_show( '3' );   _wpbc.set_secure_param( 'nonce',   '4c417d6438' );   _wpbc.set_secure_param( 'user_id', '0' );   _wpbc.set_secure_param( 'locale',  'en_US' );  wpbc_calendar__load_data__ajx( {\"resource_id\":3,\"booking_hash\":\"\",\"request_uri\":\"\\\/en\\\/wp-json\\\/wp\\\/v2\\\/pages\\\/852\",\"custom_form\":\"standard\",\"aggregate_resource_id_str\":\"\",\"aggregate_type\":\"all\"} ); } ); }, 500 ); })();<\/script><\/div>\n\t\t\t\t\t\t<\/div>\n\t\t\t\t<\/div>\n\t\t\t\t<\/div>\n\t\t\t\t<\/div>\n\t\t\t\t\t<\/div>\n\t\t\t\t<\/div>\n\t\t<div class=\"elementor-element elementor-element-1037666 e-flex e-con-boxed e-con e-parent\" data-id=\"1037666\" data-element_type=\"container\" data-settings=\"{&quot;background_background&quot;:&quot;classic&quot;}\">\n\t\t\t\t\t<div class=\"e-con-inner\">\n\t\t\t\t\t<\/div>\n\t\t\t\t<\/div>\n\t\t<div class=\"elementor-element elementor-element-73a7e84 e-con-full e-flex e-con e-parent\" data-id=\"73a7e84\" data-element_type=\"container\">\n\t\t\t\t<div class=\"elementor-element elementor-element-8a9d24a elementor-widget elementor-widget-google_maps\" data-id=\"8a9d24a\" data-element_type=\"widget\" data-widget_type=\"google_maps.default\">\n\t\t\t\t<div class=\"elementor-widget-container\">\n\t\t\t\t\t\t\t<div class=\"elementor-custom-embed\">\n\t\t\t<iframe loading=\"lazy\"\n\t\t\t\t\tsrc=\"https:\/\/maps.google.com\/maps?q=Miskolc%2C%20Miskolctapolcai%20%C3%BAt%2051%2C%203519&#038;t=m&#038;z=10&#038;output=embed&#038;iwloc=near\"\n\t\t\t\t\ttitle=\"Miskolc, Miskolctapolcai \u00fat 51, 3519\"\n\t\t\t\t\taria-label=\"Miskolc, Miskolctapolcai \u00fat 51, 3519\"\n\t\t\t><\/iframe>\n\t\t<\/div>\n\t\t\t\t\t\t<\/div>\n\t\t\t\t<\/div>\n\t\t\t\t<\/div>\n\t\t\t\t<\/div>","protected":false},"excerpt":{"rendered":"<p>H\u00edrek \u00e9s inform\u00e1ci\u00f3k S\u00e1rk\u00e1ny Apartman \u00e9s Vend\u00e9gh\u00e1z Miskolctapolca \u00e1rai: &#8211;\u00a0\u00a0 4 f\u0151s \u00f6n\u00e1ll\u00f3 apartman saj\u00e1t konyh\u00e1val\u00a0 2 f\u0151 eset\u00e9n 18.000 Ft \/\u00e9j &#8211;\u00a0\u00a0\u00a04 f\u0151s \u00f6n\u00e1ll\u00f3 apartman saj\u00e1t konyh\u00e1val\u00a0 3 f\u0151 eset\u00e9n 24.000 Ft \/\u00e9j &#8211;\u00a0\u00a0\u00a04 f\u0151s \u00f6n\u00e1ll\u00f3 apartman saj\u00e1t konyh\u00e1val 4 f\u0151 eset\u00e9n 28.000 Ft \/\u00e9j &#8211;\u00a0\u00a0\u00a05 f\u0151s \u00f6n\u00e1ll\u00f3 apartman saj\u00e1t konyh\u00e1val 5 f\u0151 eset\u00e9n\u00a0 &#8230; <a title=\"Appointment Booking\" class=\"read-more\" href=\"https:\/\/healthy.elitepage.hu\/en\/idopontfoglalas-2\/\" aria-label=\"Read more about Id\u0151pontfoglal\u00e1s\">Read more<\/a><\/p>","protected":false},"author":1,"featured_media":0,"parent":0,"menu_order":0,"comment_status":"closed","ping_status":"closed","template":"elementor_header_footer","meta":{"footnotes":""},"class_list":["post-852","page","type-page","status-publish"],"_links":{"self":[{"href":"https:\/\/healthy.elitepage.hu\/en\/wp-json\/wp\/v2\/pages\/852","targetHints":{"allow":["GET"]}}],"collection":[{"href":"https:\/\/healthy.elitepage.hu\/en\/wp-json\/wp\/v2\/pages"}],"about":[{"href":"https:\/\/healthy.elitepage.hu\/en\/wp-json\/wp\/v2\/types\/page"}],"author":[{"embeddable":true,"href":"https:\/\/healthy.elitepage.hu\/en\/wp-json\/wp\/v2\/users\/1"}],"replies":[{"embeddable":true,"href":"https:\/\/healthy.elitepage.hu\/en\/wp-json\/wp\/v2\/comments?post=852"}],"version-history":[{"count":18,"href":"https:\/\/healthy.elitepage.hu\/en\/wp-json\/wp\/v2\/pages\/852\/revisions"}],"predecessor-version":[{"id":1103,"href":"https:\/\/healthy.elitepage.hu\/en\/wp-json\/wp\/v2\/pages\/852\/revisions\/1103"}],"wp:attachment":[{"href":"https:\/\/healthy.elitepage.hu\/en\/wp-json\/wp\/v2\/media?parent=852"}],"curies":[{"name":"wp","href":"https:\/\/api.w.org\/{rel}","templated":true}]}}