{"id":894,"date":"2025-11-17T09:39:43","date_gmt":"2025-11-17T09:39:43","guid":{"rendered":"https:\/\/healthy.elitepage.hu\/?page_id=894"},"modified":"2025-11-25T14:42:32","modified_gmt":"2025-11-25T14:42:32","slug":"galeria","status":"publish","type":"page","link":"https:\/\/healthy.elitepage.hu\/en\/galeria\/","title":{"rendered":"Gallery"},"content":{"rendered":"<div data-elementor-type=\"wp-page\" data-elementor-id=\"894\" class=\"elementor elementor-894\" data-elementor-post-type=\"page\">\n\t\t\t\t<div class=\"elementor-element elementor-element-5fb159a e-flex e-con-boxed e-con e-parent\" data-id=\"5fb159a\" data-element_type=\"container\" data-settings=\"{&quot;background_background&quot;:&quot;classic&quot;}\">\n\t\t\t\t\t<div class=\"e-con-inner\">\n\t\t\t\t<div class=\"elementor-element elementor-element-5e8f5a4 elementor-invisible elementor-widget elementor-widget-heading\" data-id=\"5e8f5a4\" data-element_type=\"widget\" data-settings=\"{&quot;_animation&quot;:&quot;zoomIn&quot;}\" data-widget_type=\"heading.default\">\n\t\t\t\t<div class=\"elementor-widget-container\">\n\t\t\t\t\t<h2 class=\"elementor-heading-title elementor-size-default\">Gallery<\/h2>\t\t\t\t<\/div>\n\t\t\t\t<\/div>\n\t\t\t\t<div class=\"elementor-element elementor-element-242cba6 elementor-widget-divider--view-line elementor-invisible elementor-widget elementor-widget-divider\" data-id=\"242cba6\" data-element_type=\"widget\" data-settings=\"{&quot;_animation&quot;:&quot;zoomIn&quot;}\" data-widget_type=\"divider.default\">\n\t\t\t\t<div class=\"elementor-widget-container\">\n\t\t\t\t\t\t\t<div class=\"elementor-divider\">\n\t\t\t<span class=\"elementor-divider-separator\">\n\t\t\t\t\t\t<\/span>\n\t\t<\/div>\n\t\t\t\t\t\t<\/div>\n\t\t\t\t<\/div>\n\t\t\t\t<div class=\"elementor-element elementor-element-28b6e52 elementor-widget elementor-widget-text-editor\" data-id=\"28b6e52\" data-element_type=\"widget\" data-widget_type=\"text-editor.default\">\n\t\t\t\t<div class=\"elementor-widget-container\">\n\t\t\t\t\t\t\t\t\t<p data-start=\"110\" data-end=\"147\"><strong data-start=\"110\" data-end=\"147\">Tekints be vend\u00e9gh\u00e1zunk vil\u00e1g\u00e1ba!<\/strong><\/p><p data-start=\"149\" data-end=\"400\">Gal\u00e9ri\u00e1nk seg\u00edts\u00e9g\u00e9vel szeretn\u00e9nk k\u00f6zelebb hozni hozz\u00e1d azt a meghitt, nyugodt l\u00e9gk\u00f6rt, amely vend\u00e9gh\u00e1zunkat jellemzi. K\u00e9peinken kereszt\u00fcl bej\u00e1rhatod a gondosan berendezett szob\u00e1kat, a hangulatos k\u00f6z\u00f6ss\u00e9gi tereket \u00e9s a k\u00f6rny\u00e9k term\u00e9szeti sz\u00e9ps\u00e9geit.<\/p><p data-start=\"402\" data-end=\"697\">C\u00e9lunk, hogy m\u00e1r az \u00e9rkez\u00e9sed el\u0151tt \u00e9rezd az otthonos atmoszf\u00e9r\u00e1t, amelyet minden vend\u00e9g\u00fcnk sz\u00e1m\u00e1ra szeretettel teremt\u00fcnk meg. Engedd, hogy a k\u00e9pek mes\u00e9ljenek \u2013 a napf\u00e9nyes reggelekr\u0151l, a csendes pihen\u0151helyekr\u0151l, a r\u00e9szletekben rejl\u0151 t\u00f6r\u0151d\u00e9sr\u0151l \u00e9s azokr\u00f3l a pillanatokr\u00f3l, amelyek n\u00e1lunk v\u00e1rnak.<\/p><p data-start=\"699\" data-end=\"781\">Kellemes n\u00e9zel\u0151d\u00e9st k\u00edv\u00e1nunk, \u00e9s rem\u00e9lj\u00fck, hamarosan szem\u00e9lyesen is \u00fcdv\u00f6z\u00f6lhet\u00fcnk!<\/p>\t\t\t\t\t\t\t\t<\/div>\n\t\t\t\t<\/div>\n\t\t\t\t<div class=\"elementor-element elementor-element-6878086 elementor-widget elementor-widget-gallery\" data-id=\"6878086\" data-element_type=\"widget\" data-settings=\"{&quot;lazyload&quot;:&quot;yes&quot;,&quot;gallery_layout&quot;:&quot;grid&quot;,&quot;columns&quot;:4,&quot;columns_tablet&quot;:2,&quot;columns_mobile&quot;:1,&quot;gap&quot;:{&quot;unit&quot;:&quot;px&quot;,&quot;size&quot;:10,&quot;sizes&quot;:[]},&quot;gap_tablet&quot;:{&quot;unit&quot;:&quot;px&quot;,&quot;size&quot;:10,&quot;sizes&quot;:[]},&quot;gap_mobile&quot;:{&quot;unit&quot;:&quot;px&quot;,&quot;size&quot;:10,&quot;sizes&quot;:[]},&quot;link_to&quot;:&quot;file&quot;,&quot;aspect_ratio&quot;:&quot;3:2&quot;,&quot;overlay_background&quot;:&quot;yes&quot;,&quot;content_hover_animation&quot;:&quot;fade-in&quot;}\" data-widget_type=\"gallery.default\">\n\t\t\t\t<div class=\"elementor-widget-container\">\n\t\t\t\t\t\t\t<div class=\"elementor-gallery__container\">\n\t\t\t\t\t\t\t<a class=\"e-gallery-item elementor-gallery-item elementor-animated-content\" href=\"https:\/\/healthy.elitepage.hu\/wp-content\/uploads\/2025\/11\/IMG_0041.jpeg\" data-elementor-open-lightbox=\"yes\" data-elementor-lightbox-slideshow=\"6878086\" data-elementor-lightbox-title=\"IMG_0041\" data-e-action-hash=\"#elementor-action%3Aaction%3Dlightbox%26settings%3DeyJpZCI6ODk5LCJ1cmwiOiJodHRwczpcL1wvaGVhbHRoeS5lbGl0ZXBhZ2UuaHVcL3dwLWNvbnRlbnRcL3VwbG9hZHNcLzIwMjVcLzExXC9JTUdfMDA0MS5qcGVnIiwic2xpZGVzaG93IjoiNjg3ODA4NiJ9\">\n\t\t\t\t\t<div class=\"e-gallery-image elementor-gallery-item__image\" data-thumbnail=\"https:\/\/healthy.elitepage.hu\/wp-content\/uploads\/2025\/11\/IMG_0041-300x227.jpeg\" data-width=\"300\" data-height=\"227\" aria-label=\"\" role=\"img\" ><\/div>\n\t\t\t\t\t\t\t\t\t\t\t<div class=\"elementor-gallery-item__overlay\"><\/div>\n\t\t\t\t\t\t\t\t\t\t\t\t\t\t<\/a>\n\t\t\t\t\t\t\t<a class=\"e-gallery-item elementor-gallery-item elementor-animated-content\" href=\"https:\/\/healthy.elitepage.hu\/wp-content\/uploads\/2025\/11\/IMG_0056.jpeg\" data-elementor-open-lightbox=\"yes\" data-elementor-lightbox-slideshow=\"6878086\" data-elementor-lightbox-title=\"IMG_0056\" data-e-action-hash=\"#elementor-action%3Aaction%3Dlightbox%26settings%3DeyJpZCI6OTAwLCJ1cmwiOiJodHRwczpcL1wvaGVhbHRoeS5lbGl0ZXBhZ2UuaHVcL3dwLWNvbnRlbnRcL3VwbG9hZHNcLzIwMjVcLzExXC9JTUdfMDA1Ni5qcGVnIiwic2xpZGVzaG93IjoiNjg3ODA4NiJ9\">\n\t\t\t\t\t<div class=\"e-gallery-image elementor-gallery-item__image\" data-thumbnail=\"https:\/\/healthy.elitepage.hu\/wp-content\/uploads\/2025\/11\/IMG_0056-300x227.jpeg\" data-width=\"300\" data-height=\"227\" aria-label=\"\" role=\"img\" ><\/div>\n\t\t\t\t\t\t\t\t\t\t\t<div class=\"elementor-gallery-item__overlay\"><\/div>\n\t\t\t\t\t\t\t\t\t\t\t\t\t\t<\/a>\n\t\t\t\t\t\t\t<a class=\"e-gallery-item elementor-gallery-item elementor-animated-content\" href=\"https:\/\/healthy.elitepage.hu\/wp-content\/uploads\/2025\/11\/IMG_0089_0.jpeg\" data-elementor-open-lightbox=\"yes\" data-elementor-lightbox-slideshow=\"6878086\" data-elementor-lightbox-title=\"IMG_0089_0\" data-e-action-hash=\"#elementor-action%3Aaction%3Dlightbox%26settings%3DeyJpZCI6OTAxLCJ1cmwiOiJodHRwczpcL1wvaGVhbHRoeS5lbGl0ZXBhZ2UuaHVcL3dwLWNvbnRlbnRcL3VwbG9hZHNcLzIwMjVcLzExXC9JTUdfMDA4OV8wLmpwZWciLCJzbGlkZXNob3ciOiI2ODc4MDg2In0%3D\">\n\t\t\t\t\t<div class=\"e-gallery-image elementor-gallery-item__image\" data-thumbnail=\"https:\/\/healthy.elitepage.hu\/wp-content\/uploads\/2025\/11\/IMG_0089_0-300x225.jpeg\" data-width=\"300\" data-height=\"225\" aria-label=\"\" role=\"img\" ><\/div>\n\t\t\t\t\t\t\t\t\t\t\t<div class=\"elementor-gallery-item__overlay\"><\/div>\n\t\t\t\t\t\t\t\t\t\t\t\t\t\t<\/a>\n\t\t\t\t\t\t\t<a class=\"e-gallery-item elementor-gallery-item elementor-animated-content\" href=\"https:\/\/healthy.elitepage.hu\/wp-content\/uploads\/2025\/11\/IMG_0094.jpeg\" data-elementor-open-lightbox=\"yes\" data-elementor-lightbox-slideshow=\"6878086\" data-elementor-lightbox-title=\"IMG_0094\" data-e-action-hash=\"#elementor-action%3Aaction%3Dlightbox%26settings%3DeyJpZCI6OTAyLCJ1cmwiOiJodHRwczpcL1wvaGVhbHRoeS5lbGl0ZXBhZ2UuaHVcL3dwLWNvbnRlbnRcL3VwbG9hZHNcLzIwMjVcLzExXC9JTUdfMDA5NC5qcGVnIiwic2xpZGVzaG93IjoiNjg3ODA4NiJ9\">\n\t\t\t\t\t<div class=\"e-gallery-image elementor-gallery-item__image\" data-thumbnail=\"https:\/\/healthy.elitepage.hu\/wp-content\/uploads\/2025\/11\/IMG_0094-300x225.jpeg\" data-width=\"300\" data-height=\"225\" aria-label=\"\" role=\"img\" ><\/div>\n\t\t\t\t\t\t\t\t\t\t\t<div class=\"elementor-gallery-item__overlay\"><\/div>\n\t\t\t\t\t\t\t\t\t\t\t\t\t\t<\/a>\n\t\t\t\t\t\t\t<a class=\"e-gallery-item elementor-gallery-item elementor-animated-content\" href=\"https:\/\/healthy.elitepage.hu\/wp-content\/uploads\/2025\/11\/IMG_0096.jpeg\" data-elementor-open-lightbox=\"yes\" data-elementor-lightbox-slideshow=\"6878086\" data-elementor-lightbox-title=\"IMG_0096\" data-e-action-hash=\"#elementor-action%3Aaction%3Dlightbox%26settings%3DeyJpZCI6OTAzLCJ1cmwiOiJodHRwczpcL1wvaGVhbHRoeS5lbGl0ZXBhZ2UuaHVcL3dwLWNvbnRlbnRcL3VwbG9hZHNcLzIwMjVcLzExXC9JTUdfMDA5Ni5qcGVnIiwic2xpZGVzaG93IjoiNjg3ODA4NiJ9\">\n\t\t\t\t\t<div class=\"e-gallery-image elementor-gallery-item__image\" data-thumbnail=\"https:\/\/healthy.elitepage.hu\/wp-content\/uploads\/2025\/11\/IMG_0096-300x225.jpeg\" data-width=\"300\" data-height=\"225\" aria-label=\"\" role=\"img\" ><\/div>\n\t\t\t\t\t\t\t\t\t\t\t<div class=\"elementor-gallery-item__overlay\"><\/div>\n\t\t\t\t\t\t\t\t\t\t\t\t\t\t<\/a>\n\t\t\t\t\t\t\t<a class=\"e-gallery-item elementor-gallery-item elementor-animated-content\" href=\"https:\/\/healthy.elitepage.hu\/wp-content\/uploads\/2025\/11\/IMG_0099.jpeg\" data-elementor-open-lightbox=\"yes\" data-elementor-lightbox-slideshow=\"6878086\" data-elementor-lightbox-title=\"IMG_0099\" data-e-action-hash=\"#elementor-action%3Aaction%3Dlightbox%26settings%3DeyJpZCI6OTA0LCJ1cmwiOiJodHRwczpcL1wvaGVhbHRoeS5lbGl0ZXBhZ2UuaHVcL3dwLWNvbnRlbnRcL3VwbG9hZHNcLzIwMjVcLzExXC9JTUdfMDA5OS5qcGVnIiwic2xpZGVzaG93IjoiNjg3ODA4NiJ9\">\n\t\t\t\t\t<div class=\"e-gallery-image elementor-gallery-item__image\" data-thumbnail=\"https:\/\/healthy.elitepage.hu\/wp-content\/uploads\/2025\/11\/IMG_0099-300x225.jpeg\" data-width=\"300\" data-height=\"225\" aria-label=\"\" role=\"img\" ><\/div>\n\t\t\t\t\t\t\t\t\t\t\t<div class=\"elementor-gallery-item__overlay\"><\/div>\n\t\t\t\t\t\t\t\t\t\t\t\t\t\t<\/a>\n\t\t\t\t\t\t\t<a class=\"e-gallery-item elementor-gallery-item elementor-animated-content\" href=\"https:\/\/healthy.elitepage.hu\/wp-content\/uploads\/2025\/11\/20210205_150837.jpg\" data-elementor-open-lightbox=\"yes\" data-elementor-lightbox-slideshow=\"6878086\" data-elementor-lightbox-title=\"20210205_150837\" data-e-action-hash=\"#elementor-action%3Aaction%3Dlightbox%26settings%3DeyJpZCI6OTA1LCJ1cmwiOiJodHRwczpcL1wvaGVhbHRoeS5lbGl0ZXBhZ2UuaHVcL3dwLWNvbnRlbnRcL3VwbG9hZHNcLzIwMjVcLzExXC8yMDIxMDIwNV8xNTA4MzcuanBnIiwic2xpZGVzaG93IjoiNjg3ODA4NiJ9\">\n\t\t\t\t\t<div class=\"e-gallery-image elementor-gallery-item__image\" data-thumbnail=\"https:\/\/healthy.elitepage.hu\/wp-content\/uploads\/2025\/11\/20210205_150837-300x227.jpg\" data-width=\"300\" data-height=\"227\" aria-label=\"\" role=\"img\" ><\/div>\n\t\t\t\t\t\t\t\t\t\t\t<div class=\"elementor-gallery-item__overlay\"><\/div>\n\t\t\t\t\t\t\t\t\t\t\t\t\t\t<\/a>\n\t\t\t\t\t\t\t<a class=\"e-gallery-item elementor-gallery-item elementor-animated-content\" href=\"https:\/\/healthy.elitepage.hu\/wp-content\/uploads\/2025\/10\/45372.jpg\" data-elementor-open-lightbox=\"yes\" data-elementor-lightbox-slideshow=\"6878086\" data-elementor-lightbox-title=\"45372\" data-e-action-hash=\"#elementor-action%3Aaction%3Dlightbox%26settings%3DeyJpZCI6NzQ4LCJ1cmwiOiJodHRwczpcL1wvaGVhbHRoeS5lbGl0ZXBhZ2UuaHVcL3dwLWNvbnRlbnRcL3VwbG9hZHNcLzIwMjVcLzEwXC80NTM3Mi5qcGciLCJzbGlkZXNob3ciOiI2ODc4MDg2In0%3D\">\n\t\t\t\t\t<div class=\"e-gallery-image elementor-gallery-item__image\" data-thumbnail=\"https:\/\/healthy.elitepage.hu\/wp-content\/uploads\/2025\/10\/45372-200x300.jpg\" data-width=\"200\" data-height=\"300\" aria-label=\"\" role=\"img\" ><\/div>\n\t\t\t\t\t\t\t\t\t\t\t<div class=\"elementor-gallery-item__overlay\"><\/div>\n\t\t\t\t\t\t\t\t\t\t\t\t\t\t<\/a>\n\t\t\t\t\t<\/div>\n\t\t\t\t\t<\/div>\n\t\t\t\t<\/div>\n\t\t\t\t\t<\/div>\n\t\t\t\t<\/div>\n\t\t\t\t<\/div>","protected":false},"excerpt":{"rendered":"<p>Gal\u00e9ria Tekints be vend\u00e9gh\u00e1zunk vil\u00e1g\u00e1ba! Gal\u00e9ri\u00e1nk seg\u00edts\u00e9g\u00e9vel szeretn\u00e9nk k\u00f6zelebb hozni hozz\u00e1d azt a meghitt, nyugodt l\u00e9gk\u00f6rt, amely vend\u00e9gh\u00e1zunkat jellemzi. K\u00e9peinken kereszt\u00fcl bej\u00e1rhatod a gondosan berendezett szob\u00e1kat, a hangulatos k\u00f6z\u00f6ss\u00e9gi tereket \u00e9s a k\u00f6rny\u00e9k term\u00e9szeti sz\u00e9ps\u00e9geit. C\u00e9lunk, hogy m\u00e1r az \u00e9rkez\u00e9sed el\u0151tt \u00e9rezd az otthonos atmoszf\u00e9r\u00e1t, amelyet minden vend\u00e9g\u00fcnk sz\u00e1m\u00e1ra szeretettel teremt\u00fcnk meg. Engedd, hogy a &#8230; <a title=\"Gallery\" class=\"read-more\" href=\"https:\/\/healthy.elitepage.hu\/en\/galeria\/\" aria-label=\"Read more about Gal\u00e9ria\">Read more<\/a><\/p>","protected":false},"author":1,"featured_media":0,"parent":0,"menu_order":0,"comment_status":"closed","ping_status":"closed","template":"elementor_header_footer","meta":{"footnotes":""},"class_list":["post-894","page","type-page","status-publish"],"_links":{"self":[{"href":"https:\/\/healthy.elitepage.hu\/en\/wp-json\/wp\/v2\/pages\/894","targetHints":{"allow":["GET"]}}],"collection":[{"href":"https:\/\/healthy.elitepage.hu\/en\/wp-json\/wp\/v2\/pages"}],"about":[{"href":"https:\/\/healthy.elitepage.hu\/en\/wp-json\/wp\/v2\/types\/page"}],"author":[{"embeddable":true,"href":"https:\/\/healthy.elitepage.hu\/en\/wp-json\/wp\/v2\/users\/1"}],"replies":[{"embeddable":true,"href":"https:\/\/healthy.elitepage.hu\/en\/wp-json\/wp\/v2\/comments?post=894"}],"version-history":[{"count":10,"href":"https:\/\/healthy.elitepage.hu\/en\/wp-json\/wp\/v2\/pages\/894\/revisions"}],"predecessor-version":[{"id":1082,"href":"https:\/\/healthy.elitepage.hu\/en\/wp-json\/wp\/v2\/pages\/894\/revisions\/1082"}],"wp:attachment":[{"href":"https:\/\/healthy.elitepage.hu\/en\/wp-json\/wp\/v2\/media?parent=894"}],"curies":[{"name":"wp","href":"https:\/\/api.w.org\/{rel}","templated":true}]}}