{"id":921,"date":"2025-11-17T09:53:55","date_gmt":"2025-11-17T09:53:55","guid":{"rendered":"https:\/\/healthy.elitepage.hu\/?page_id=921"},"modified":"2025-11-25T14:39:36","modified_gmt":"2025-11-25T14:39:36","slug":"akciok","status":"publish","type":"page","link":"https:\/\/healthy.elitepage.hu\/en\/akciok\/","title":{"rendered":"Sale"},"content":{"rendered":"<div data-elementor-type=\"wp-page\" data-elementor-id=\"921\" class=\"elementor elementor-921\" data-elementor-post-type=\"page\">\n\t\t\t\t<div class=\"elementor-element elementor-element-5fb159a e-flex e-con-boxed e-con e-parent\" data-id=\"5fb159a\" data-element_type=\"container\" data-settings=\"{&quot;background_background&quot;:&quot;classic&quot;}\">\n\t\t\t\t\t<div class=\"e-con-inner\">\n\t\t\t\t<div class=\"elementor-element elementor-element-5e8f5a4 elementor-invisible elementor-widget elementor-widget-heading\" data-id=\"5e8f5a4\" data-element_type=\"widget\" data-settings=\"{&quot;_animation&quot;:&quot;zoomIn&quot;}\" data-widget_type=\"heading.default\">\n\t\t\t\t<div class=\"elementor-widget-container\">\n\t\t\t\t\t<h2 class=\"elementor-heading-title elementor-size-default\">Sale<\/h2>\t\t\t\t<\/div>\n\t\t\t\t<\/div>\n\t\t\t\t<div class=\"elementor-element elementor-element-242cba6 elementor-widget-divider--view-line elementor-invisible elementor-widget elementor-widget-divider\" data-id=\"242cba6\" data-element_type=\"widget\" data-settings=\"{&quot;_animation&quot;:&quot;zoomIn&quot;}\" data-widget_type=\"divider.default\">\n\t\t\t\t<div class=\"elementor-widget-container\">\n\t\t\t\t\t\t\t<div class=\"elementor-divider\">\n\t\t\t<span class=\"elementor-divider-separator\">\n\t\t\t\t\t\t<\/span>\n\t\t<\/div>\n\t\t\t\t\t\t<\/div>\n\t\t\t\t<\/div>\n\t\t<div class=\"elementor-element elementor-element-55efeff e-con-full e-flex e-con e-child\" data-id=\"55efeff\" data-element_type=\"container\">\n\t\t<div class=\"elementor-element elementor-element-407bb97 e-con-full e-flex e-con e-child\" data-id=\"407bb97\" data-element_type=\"container\">\n\t\t\t\t<div class=\"elementor-element elementor-element-a6e294d elementor-widget elementor-widget-image\" data-id=\"a6e294d\" data-element_type=\"widget\" data-widget_type=\"image.default\">\n\t\t\t\t<div class=\"elementor-widget-container\">\n\t\t\t\t\t\t\t\t\t\t\t\t\t\t\t<img fetchpriority=\"high\" decoding=\"async\" width=\"800\" height=\"500\" src=\"https:\/\/healthy.elitepage.hu\/wp-content\/uploads\/2025\/11\/akcio.png\" class=\"attachment-large size-large wp-image-924\" alt=\"\" srcset=\"https:\/\/healthy.elitepage.hu\/wp-content\/uploads\/2025\/11\/akcio.png 800w, https:\/\/healthy.elitepage.hu\/wp-content\/uploads\/2025\/11\/akcio-300x188.png 300w, https:\/\/healthy.elitepage.hu\/wp-content\/uploads\/2025\/11\/akcio-768x480.png 768w\" sizes=\"(max-width: 800px) 100vw, 800px\" \/>\t\t\t\t\t\t\t\t\t\t\t\t\t\t\t<\/div>\n\t\t\t\t<\/div>\n\t\t\t\t<\/div>\n\t\t<div class=\"elementor-element elementor-element-0dfe6c8 e-con-full e-flex e-con e-child\" data-id=\"0dfe6c8\" data-element_type=\"container\">\n\t\t\t\t<div class=\"elementor-element elementor-element-42bdd31 elementor-widget elementor-widget-text-editor\" data-id=\"42bdd31\" data-element_type=\"widget\" data-widget_type=\"text-editor.default\">\n\t\t\t\t<div class=\"elementor-widget-container\">\n\t\t\t\t\t\t\t\t\t<p><strong>T\u00f6bb \u00e9jszak\u00e1ra \u00e9s nagyobb l\u00e9tsz\u00e1m eset\u00e9n egyedi \u00e1rak!<\/strong>\u00a0Last minute \u00e9s akci\u00f3s aj\u00e1nlatok az utols\u00f3 szob\u00e1kra \u00e9s apartmanokra\u00a0!!<\/p><p>K\u00f6vesse folyamatosan akci\u00f3s aj\u00e1nlatunkat \u00e9s t\u00f6lts\u00f6n el egy p\u00e1r napot sz\u00e1ll\u00e1sunkon a fest\u0151i sz\u00e9ps\u00e9g\u0171 Miskolctapolc\u00e1n a Barlangf\u00fcrd\u0151n\u00e9l ,ahol cs\u00f3nak\u00e1zhat,bobozhat,bring\u00f3 hint\u00f3val is tud tenni egy k\u00f6rt a csod\u00e1latos parkban ,ahol rengeteg m\u00f3kus szaladg\u00e1l .<\/p><p>S\u00e1rk\u00e1ny Apartman Miskolctapolca f\u0151\u00fatj\u00e1n .az Ellipsum welness f\u00fcrd\u0151t\u0151l csak 5 perc s\u00e9t\u00e1ra.<\/p><p>Modern mag\u00e1nsz\u00e1ll\u00e1s Miskolcon Miskolctapolca f\u0151\u00fatj\u00e1n! Szeretettel v\u00e1rjuk \u00faj \u00e9s visszat\u00e9r\u0151 vend\u00e9geinket.<\/p><p>S\u00e1rk\u00e1ny Apartman \u00e9s Vend\u00e9gh\u00e1z Miskolctapolca.<\/p><p><b>Ne hagyja ki akci\u00f3s aj\u00e1nlatunkat Miskolctapolc\u00e1n !!<\/b><\/p>\t\t\t\t\t\t\t\t<\/div>\n\t\t\t\t<\/div>\n\t\t\t\t<\/div>\n\t\t\t\t<\/div>\n\t\t\t\t\t<\/div>\n\t\t\t\t<\/div>\n\t\t\t\t<\/div>","protected":false},"excerpt":{"rendered":"<p>Akci\u00f3k T\u00f6bb \u00e9jszak\u00e1ra \u00e9s nagyobb l\u00e9tsz\u00e1m eset\u00e9n egyedi \u00e1rak!\u00a0Last minute \u00e9s akci\u00f3s aj\u00e1nlatok az utols\u00f3 szob\u00e1kra \u00e9s apartmanokra\u00a0!! K\u00f6vesse folyamatosan akci\u00f3s aj\u00e1nlatunkat \u00e9s t\u00f6lts\u00f6n el egy p\u00e1r napot sz\u00e1ll\u00e1sunkon a fest\u0151i sz\u00e9ps\u00e9g\u0171 Miskolctapolc\u00e1n a Barlangf\u00fcrd\u0151n\u00e9l ,ahol cs\u00f3nak\u00e1zhat,bobozhat,bring\u00f3 hint\u00f3val is tud tenni egy k\u00f6rt a csod\u00e1latos parkban ,ahol rengeteg m\u00f3kus szaladg\u00e1l . S\u00e1rk\u00e1ny Apartman Miskolctapolca f\u0151\u00fatj\u00e1n &#8230; <a title=\"Sale\" class=\"read-more\" href=\"https:\/\/healthy.elitepage.hu\/en\/akciok\/\" aria-label=\"Read more about Akci\u00f3k\">Read more<\/a><\/p>","protected":false},"author":1,"featured_media":0,"parent":0,"menu_order":0,"comment_status":"closed","ping_status":"closed","template":"elementor_header_footer","meta":{"footnotes":""},"class_list":["post-921","page","type-page","status-publish"],"_links":{"self":[{"href":"https:\/\/healthy.elitepage.hu\/en\/wp-json\/wp\/v2\/pages\/921","targetHints":{"allow":["GET"]}}],"collection":[{"href":"https:\/\/healthy.elitepage.hu\/en\/wp-json\/wp\/v2\/pages"}],"about":[{"href":"https:\/\/healthy.elitepage.hu\/en\/wp-json\/wp\/v2\/types\/page"}],"author":[{"embeddable":true,"href":"https:\/\/healthy.elitepage.hu\/en\/wp-json\/wp\/v2\/users\/1"}],"replies":[{"embeddable":true,"href":"https:\/\/healthy.elitepage.hu\/en\/wp-json\/wp\/v2\/comments?post=921"}],"version-history":[{"count":10,"href":"https:\/\/healthy.elitepage.hu\/en\/wp-json\/wp\/v2\/pages\/921\/revisions"}],"predecessor-version":[{"id":1076,"href":"https:\/\/healthy.elitepage.hu\/en\/wp-json\/wp\/v2\/pages\/921\/revisions\/1076"}],"wp:attachment":[{"href":"https:\/\/healthy.elitepage.hu\/en\/wp-json\/wp\/v2\/media?parent=921"}],"curies":[{"name":"wp","href":"https:\/\/api.w.org\/{rel}","templated":true}]}}