{"id":930,"date":"2025-11-17T10:02:11","date_gmt":"2025-11-17T10:02:11","guid":{"rendered":"https:\/\/healthy.elitepage.hu\/?page_id=930"},"modified":"2025-11-25T14:43:51","modified_gmt":"2025-11-25T14:43:51","slug":"araink","status":"publish","type":"page","link":"https:\/\/healthy.elitepage.hu\/en\/araink\/","title":{"rendered":"\u00c1raink"},"content":{"rendered":"<div data-elementor-type=\"wp-page\" data-elementor-id=\"930\" class=\"elementor elementor-930\" data-elementor-post-type=\"page\">\n\t\t\t\t<div class=\"elementor-element elementor-element-5fb159a e-flex e-con-boxed e-con e-parent\" data-id=\"5fb159a\" data-element_type=\"container\" data-settings=\"{&quot;background_background&quot;:&quot;classic&quot;}\">\n\t\t\t\t\t<div class=\"e-con-inner\">\n\t\t\t\t<div class=\"elementor-element elementor-element-5e8f5a4 elementor-invisible elementor-widget elementor-widget-heading\" data-id=\"5e8f5a4\" data-element_type=\"widget\" data-settings=\"{&quot;_animation&quot;:&quot;zoomIn&quot;}\" data-widget_type=\"heading.default\">\n\t\t\t\t<div class=\"elementor-widget-container\">\n\t\t\t\t\t<h2 class=\"elementor-heading-title elementor-size-default\">\u00c1raink<\/h2>\t\t\t\t<\/div>\n\t\t\t\t<\/div>\n\t\t\t\t<div class=\"elementor-element elementor-element-242cba6 elementor-widget-divider--view-line elementor-invisible elementor-widget elementor-widget-divider\" data-id=\"242cba6\" data-element_type=\"widget\" data-settings=\"{&quot;_animation&quot;:&quot;zoomIn&quot;}\" data-widget_type=\"divider.default\">\n\t\t\t\t<div class=\"elementor-widget-container\">\n\t\t\t\t\t\t\t<div class=\"elementor-divider\">\n\t\t\t<span class=\"elementor-divider-separator\">\n\t\t\t\t\t\t<\/span>\n\t\t<\/div>\n\t\t\t\t\t\t<\/div>\n\t\t\t\t<\/div>\n\t\t<div class=\"elementor-element elementor-element-55efeff e-con-full e-flex e-con e-child\" data-id=\"55efeff\" data-element_type=\"container\">\n\t\t<div class=\"elementor-element elementor-element-47ed760 e-con-full e-flex e-con e-child\" data-id=\"47ed760\" data-element_type=\"container\">\n\t\t\t\t<div class=\"elementor-element elementor-element-42bdd31 elementor-widget elementor-widget-text-editor\" data-id=\"42bdd31\" data-element_type=\"widget\" data-widget_type=\"text-editor.default\">\n\t\t\t\t<div class=\"elementor-widget-container\">\n\t\t\t\t\t\t\t\t\t<p style=\"font-weight: 400;\"><b><strong>S\u00e1rk\u00e1ny Apartman \u00e9s Vend\u00e9gh\u00e1z Miskolctapolca \u00e1rai:<\/strong><\/b><\/p><p style=\"font-weight: 400;\"><span style=\"font-weight: 400;\"><em><b><strong>&#8211;\u00a0\u00a0 4 f\u0151s \u00f6n\u00e1ll\u00f3 apartman saj\u00e1t konyh\u00e1val\u00a0 2 f\u0151 eset\u00e9n 18.000 Ft \/\u00e9j<\/strong><\/b><\/em><\/span><\/p><p style=\"font-weight: 400;\"><span style=\"font-weight: 400;\"><em>&#8211;\u00a0<b><strong>\u00a0\u00a04 f\u0151s \u00f6n\u00e1ll\u00f3 apartman saj\u00e1t konyh\u00e1val\u00a0 3 f\u0151 eset\u00e9n 24.000 Ft \/\u00e9j<\/strong><\/b><\/em><\/span><\/p><p style=\"font-weight: 400;\"><b><strong><em>&#8211;\u00a0\u00a0\u00a04 f\u0151s \u00f6n\u00e1ll\u00f3 apartman saj\u00e1t konyh\u00e1val 4 f\u0151 eset\u00e9n 28.000 Ft \/\u00e9j<\/em><\/strong><\/b><\/p><p style=\"font-weight: 400;\"><span style=\"font-weight: 400;\"><b><strong><em>&#8211;\u00a0\u00a0\u00a05 f\u0151s \u00f6n\u00e1ll\u00f3 apartman saj\u00e1t konyh\u00e1val 5 f\u0151 eset\u00e9n\u00a0 35.000 Ft \/\u00e9j<\/em><\/strong><\/b><\/span><\/p><p style=\"font-weight: 400;\"><b><strong>Idegenforgalmi ad\u00f3 (18 \u00e9v felett):\u00a0<\/strong><\/b><em>450 Ft \/ F\u0151 \/ \u00c9j<\/em><\/p><p style=\"font-weight: 400;\"><b><strong>S\u00e1rk\u00e1ny Apartman \u00e9s Vend\u00e9gh\u00e1z Miskolctapolca \u00e1rai f\u0151szezonban \u00e9s kiemelt \u00fcnnepeken:<\/strong><\/b><br \/><em>h\u00fasv\u00e9t, p\u00fcnk\u00f6sd, szilveszter \u00e9s\u00a0 j\u00falius -augusztus \u00a0 \u00a0 \u00a0 \u00a0<\/em><\/p><p style=\"font-weight: 400;\"><span style=\"font-weight: 400;\"><em><b><strong>&#8211;\u00a0\u00a0 4 f\u0151s \u00f6n\u00e1ll\u00f3 apartman saj\u00e1t konyh\u00e1val\u00a0 2 f\u0151 eset\u00e9n 20.000 Ft \/\u00e9j<\/strong><\/b><\/em><\/span><\/p><p style=\"font-weight: 400;\"><span style=\"font-weight: 400;\"><em>&#8211;\u00a0<b><strong>\u00a0\u00a04 f\u0151s \u00f6n\u00e1ll\u00f3 apartman saj\u00e1t konyh\u00e1val\u00a0 3 f\u0151 eset\u00e9n 25.000 Ft \/\u00e9j<\/strong><\/b><\/em><\/span><\/p><p style=\"font-weight: 400;\"><b><strong><em>&#8211;\u00a0\u00a0\u00a04 f\u0151s \u00f6n\u00e1ll\u00f3 apartman saj\u00e1t konyh\u00e1val 4 f\u0151 eset\u00e9n 34.000 Ft \/\u00e9j<\/em><\/strong><\/b><\/p><p style=\"font-weight: 400;\"><span style=\"font-weight: 400;\"><b><strong><em>&#8211;\u00a0\u00a0\u00a05 f\u0151s \u00f6n\u00e1ll\u00f3 apartman saj\u00e1t konyh\u00e1val 5 f\u0151 eset\u00e9n\u00a0 36.000 Ft \/\u00e9j<\/em><\/strong><\/b><\/span><\/p><p style=\"font-weight: 400;\"><b><strong>Idegenforgalmi ad\u00f3 (18 \u00e9v felett):\u00a0<\/strong><\/b><em>.<b><strong>450 Ft \/ F\u0151 \/ \u00c9j<\/strong><\/b><\/em><\/p><p style=\"font-weight: 400;\"><b><strong><em>L\u00e9gkondici\u00f3 \u00e1ra : 1500 Ft \/\u00a0nap<\/em><\/strong><\/b><\/p><p style=\"font-weight: 400;\"><b><strong>Fizet\u00e9si lehet\u0151s\u00e9gek:<\/strong><\/b><\/p><ul style=\"font-weight: 400;\"><li>Helysz\u00ednen k\u00e9szp\u00e9nzzel<\/li><li>OTP SZ\u00c9P k\u00e1rty\u00e1val<\/li><li>Azonnali \u00e1tutal\u00e1s<\/li><\/ul>\t\t\t\t\t\t\t\t<\/div>\n\t\t\t\t<\/div>\n\t\t\t\t<\/div>\n\t\t\t\t<\/div>\n\t\t\t\t\t<\/div>\n\t\t\t\t<\/div>\n\t\t\t\t<\/div>","protected":false},"excerpt":{"rendered":"<p>\u00c1raink S\u00e1rk\u00e1ny Apartman \u00e9s Vend\u00e9gh\u00e1z Miskolctapolca \u00e1rai: &#8211;\u00a0\u00a0 4 f\u0151s \u00f6n\u00e1ll\u00f3 apartman saj\u00e1t konyh\u00e1val\u00a0 2 f\u0151 eset\u00e9n 18.000 Ft \/\u00e9j &#8211;\u00a0\u00a0\u00a04 f\u0151s \u00f6n\u00e1ll\u00f3 apartman saj\u00e1t konyh\u00e1val\u00a0 3 f\u0151 eset\u00e9n 24.000 Ft \/\u00e9j &#8211;\u00a0\u00a0\u00a04 f\u0151s \u00f6n\u00e1ll\u00f3 apartman saj\u00e1t konyh\u00e1val 4 f\u0151 eset\u00e9n 28.000 Ft \/\u00e9j &#8211;\u00a0\u00a0\u00a05 f\u0151s \u00f6n\u00e1ll\u00f3 apartman saj\u00e1t konyh\u00e1val 5 f\u0151 eset\u00e9n\u00a0 35.000 Ft &#8230; <a title=\"\u00c1raink\" class=\"read-more\" href=\"https:\/\/healthy.elitepage.hu\/en\/araink\/\" aria-label=\"Read more about \u00c1raink\">Read more<\/a><\/p>","protected":false},"author":1,"featured_media":0,"parent":0,"menu_order":0,"comment_status":"closed","ping_status":"closed","template":"elementor_header_footer","meta":{"footnotes":""},"class_list":["post-930","page","type-page","status-publish"],"_links":{"self":[{"href":"https:\/\/healthy.elitepage.hu\/en\/wp-json\/wp\/v2\/pages\/930","targetHints":{"allow":["GET"]}}],"collection":[{"href":"https:\/\/healthy.elitepage.hu\/en\/wp-json\/wp\/v2\/pages"}],"about":[{"href":"https:\/\/healthy.elitepage.hu\/en\/wp-json\/wp\/v2\/types\/page"}],"author":[{"embeddable":true,"href":"https:\/\/healthy.elitepage.hu\/en\/wp-json\/wp\/v2\/users\/1"}],"replies":[{"embeddable":true,"href":"https:\/\/healthy.elitepage.hu\/en\/wp-json\/wp\/v2\/comments?post=930"}],"version-history":[{"count":10,"href":"https:\/\/healthy.elitepage.hu\/en\/wp-json\/wp\/v2\/pages\/930\/revisions"}],"predecessor-version":[{"id":1085,"href":"https:\/\/healthy.elitepage.hu\/en\/wp-json\/wp\/v2\/pages\/930\/revisions\/1085"}],"wp:attachment":[{"href":"https:\/\/healthy.elitepage.hu\/en\/wp-json\/wp\/v2\/media?parent=930"}],"curies":[{"name":"wp","href":"https:\/\/api.w.org\/{rel}","templated":true}]}}